{"id":256,"date":"2024-07-26T09:18:09","date_gmt":"2024-07-26T09:18:09","guid":{"rendered":"https:\/\/taksimaras.com.tr\/?page_id=256"},"modified":"2024-07-26T09:59:17","modified_gmt":"2024-07-26T09:59:17","slug":"hizmet-bolgelerimiz","status":"publish","type":"page","link":"https:\/\/taksimaras.com.tr\/?page_id=256","title":{"rendered":"Hizmet B\u00f6lgelerimiz"},"content":{"rendered":"\t\t<div data-elementor-type=\"wp-page\" data-elementor-id=\"256\" class=\"elementor elementor-256\">\n\t\t\t\t<div class=\"elementor-element elementor-element-4d98d39 e-flex e-con-boxed e-con e-parent\" data-id=\"4d98d39\" data-element_type=\"container\" data-e-type=\"container\">\n\t\t\t\t\t<div class=\"e-con-inner\">\n\t\t\t\t<div class=\"elementor-element elementor-element-5654682 elementor-widget elementor-widget-heading\" data-id=\"5654682\" data-element_type=\"widget\" data-e-type=\"widget\" data-widget_type=\"heading.default\">\n\t\t\t\t<div class=\"elementor-widget-container\">\n\t\t\t\t\t<h2 class=\"elementor-heading-title elementor-size-default\">H\u0130ZMET B\u00d6LGELER\u0130M\u0130Z<\/h2>\t\t\t\t<\/div>\n\t\t\t\t<\/div>\n\t\t\t\t<div class=\"elementor-element elementor-element-7915999 elementor-widget__width-initial elementor-widget elementor-widget-html\" data-id=\"7915999\" data-element_type=\"widget\" data-e-type=\"widget\" data-widget_type=\"html.default\">\n\t\t\t\t<div class=\"elementor-widget-container\">\n\t\t\t\t\t<!DOCTYPE html>\r\n<html lang=\"en\">\r\n<head>\r\n    <meta charset=\"UTF-8\">\r\n    <meta name=\"viewport\" content=\"width=device-width, initial-scale=1.0\">\r\n    <title>Kahramanmara\u015f Merkez Lokasyonlar\u0131<\/title>\r\n<\/head>\r\n<body>\r\n    <div style=\"display: flex; flex-wrap: wrap; gap: 10px; justify-content: center;\">\r\n        <button style=\"padding: 10px 20px; font-size: 16px; border: none; border-radius: 5px; background-color: #EC7E00; color: white; cursor: pointer;\">\u015eazibey<\/button>\r\n        <button style=\"padding: 10px 20px; font-size: 16px; border: none; border-radius: 5px; background-color: #EC7E00; color: white; cursor: pointer;\">Tekerek<\/button>\r\n        <button style=\"padding: 10px 20px; font-size: 16px; border: none; border-radius: 5px; background-color: #EC7E00; color: white; cursor: pointer;\">Y\u00f6r\u00fckselim<\/button>\r\n        <button style=\"padding: 10px 20px; font-size: 16px; border: none; border-radius: 5px; background-color: #EC7E00; color: white; cursor: pointer;\">Dulkadiro\u011flu<\/button>\r\n        <button style=\"padding: 10px 20px; font-size: 16px; border: none; border-radius: 5px; background-color: #EC7E00; color: white; cursor: pointer;\">Pazarc\u0131k<\/button>\r\n        <button style=\"padding: 10px 20px; font-size: 16px; border: none; border-radius: 5px; background-color: #EC7E00; color: white; cursor: pointer;\">\u00c7a\u011flayancerit<\/button>\r\n        <button style=\"padding: 10px 20px; font-size: 16px; border: none; border-radius: 5px; background-color: #EC7E00; color: white; cursor: pointer;\">T\u00fcrko\u011flu<\/button>\r\n        <button style=\"padding: 10px 20px; font-size: 16px; border: none; border-radius: 5px; background-color: #EC7E00; color: white; cursor: pointer;\">Elbistan<\/button>\r\n        <button style=\"padding: 10px 20px; font-size: 16px; border: none; border-radius: 5px; background-color: #EC7E00; color: white; cursor: pointer;\">Af\u015fin<\/button>\r\n        <button style=\"padding: 10px 20px; font-size: 16px; border: none; border-radius: 5px; background-color: #EC7E00; color: white; cursor: pointer;\">And\u0131r\u0131n<\/button>\r\n        <button style=\"padding: 10px 20px; font-size: 16px; border: none; border-radius: 5px; background-color: #EC7E00; color: white; cursor: pointer;\">G\u00f6ksun<\/button>\r\n        <button style=\"padding: 10px 20px; font-size: 16px; border: none; border-radius: 5px; background-color: #EC7E00; color: white; cursor: pointer;\">Ekin\u00f6z\u00fc<\/button>\r\n        <button style=\"padding: 10px 20px; font-size: 16px; border: none; border-radius: 5px; background-color: #EC7E00; color: white; cursor: pointer;\">Nurhak<\/button>\r\n        <button style=\"padding: 10px 20px; font-size: 16px; border: none; border-radius: 5px; background-color: #EC7E00; color: white; cursor: pointer;\">Kahramanmara\u015f Kalesi<\/button>\r\n        <button style=\"padding: 10px 20px; font-size: 16px; border: none; border-radius: 5px; background-color: #EC7E00; color: white; cursor: pointer;\">Ulu Cami<\/button>\r\n        <button style=\"padding: 10px 20px; font-size: 16px; border: none; border-radius: 5px; background-color: #EC7E00; color: white; cursor: pointer;\">Kapal\u0131 \u00c7ar\u015f\u0131<\/button>\r\n        <button style=\"padding: 10px 20px; font-size: 16px; border: none; border-radius: 5px; background-color: #EC7E00; color: white; cursor: pointer;\">S\u00fct\u00e7\u00fc \u0130mam An\u0131t\u0131<\/button>\r\n        <button style=\"padding: 10px 20px; font-size: 16px; border: none; border-radius: 5px; background-color: #EC7E00; color: white; cursor: pointer;\">Mehmet Akif Ersoy Park\u0131<\/button>\r\n        <button style=\"padding: 10px 20px; font-size: 16px; border: none; border-radius: 5px; background-color: #EC7E00; color: white; cursor: pointer;\">Atat\u00fcrk Park\u0131<\/button>\r\n        <button style=\"padding: 10px 20px; font-size: 16px; border: none; border-radius: 5px; background-color: #EC7E00; color: white; cursor: pointer;\">Piazza AVM<\/button>\r\n        <button style=\"padding: 10px 20px; font-size: 16px; border: none; border-radius: 5px; background-color: #EC7E00; color: white; cursor: pointer;\">K\u0131br\u0131s Meydan\u0131<\/button>\r\n        <button style=\"padding: 10px 20px; font-size: 16px; border: none; border-radius: 5px; background-color: #EC7E00; color: white; cursor: pointer;\">Arsan Center<\/button>\r\n        <button style=\"padding: 10px 20px; font-size: 16px; border: none; border-radius: 5px; background-color: #EC7E00; color: white; cursor: pointer;\">Kent Orman\u0131<\/button>\r\n        <button style=\"padding: 10px 20px; font-size: 16px; border: none; border-radius: 5px; background-color: #EC7E00; color: white; cursor: pointer;\">Sarayalt\u0131<\/button>\r\n        <button style=\"padding: 10px 20px; font-size: 16px; border: none; border-radius: 5px; background-color: #EC7E00; color: white; cursor: pointer;\">Egemenlik<\/button>\r\n        <button style=\"padding: 10px 20px; font-size: 16px; border: none; border-radius: 5px; background-color: #EC7E00; color: white; cursor: pointer;\">Bah\u00e7elievler<\/button>\r\n        <button style=\"padding: 10px 20px; font-size: 16px; border: none; border-radius: 5px; background-color: #EC7E00; color: white; cursor: pointer;\">Karamanl\u0131<\/button>\r\n        <button style=\"padding: 10px 20px; font-size: 16px; border: none; border-radius: 5px; background-color: #EC7E00; color: white; cursor: pointer;\">Kurtulu\u015f<\/button>\r\n        <button style=\"padding: 10px 20px; font-size: 16px; border: none; border-radius: 5px; background-color: #EC7E00; color: white; cursor: pointer;\">Mara\u015f Kalesi<\/button>\r\n        <button style=\"padding: 10px 20px; font-size: 16px; border: none; border-radius: 5px; background-color: #EC7E00; color: white; cursor: pointer;\">Tekke<\/button>\r\n        <button style=\"padding: 10px 20px; font-size: 16px; border: none; border-radius: 5px; background-color: #EC7E00; color: white; cursor: pointer;\">\u00c7ar\u015f\u0131 Merkez<\/button>\r\n        <button style=\"padding: 10px 20px; font-size: 16px; border: none; border-radius: 5px; background-color: #EC7E00; color: white; cursor: pointer;\">Abd\u00fclhamit<\/button>\r\n        <button style=\"padding: 10px 20px; font-size: 16px; border: none; border-radius: 5px; background-color: #EC7E00; color: white; cursor: pointer;\">Binevler<\/button>\r\n        <button style=\"padding: 10px 20px; font-size: 16px; border: none; border-radius: 5px; background-color: #EC7E00; color: white; cursor: pointer;\">Orman Dairesi<\/button>\r\n        <button style=\"padding: 10px 20px; font-size: 16px; border: none; border-radius: 5px; background-color: #EC7E00; color: white; cursor: pointer;\">\u00d6\u011fretmenevi<\/button>\r\n        <button style=\"padding: 10px 20px; font-size: 16px; border: none; border-radius: 5px; background-color: #EC7E00; color: white; cursor: pointer;\">Eski \u0130tfaiye<\/button>\r\n        <button style=\"padding: 10px 20px; font-size: 16px; border: none; border-radius: 5px; background-color: #EC7E00; color: white; cursor: pointer;\">Yeni Sanayi<\/button>\r\n        <button style=\"padding: 10px 20px; font-size: 16px; border: none; border-radius: 5px; background-color: #EC7E00; color: white; cursor: pointer;\">Odun Ambar\u0131<\/button>\r\n    <\/div>\r\n<\/body>\r\n<\/html>\r\n\t\t\t\t<\/div>\n\t\t\t\t<\/div>\n\t\t\t\t\t<\/div>\n\t\t\t\t<\/div>\n\t\t\t\t<\/div>\n\t\t","protected":false},"excerpt":{"rendered":"<p>H\u0130ZMET B\u00d6LGELER\u0130M\u0130Z Kahramanmara\u015f Merkez Lokasyonlar\u0131 \u015eazibey Tekerek Y\u00f6r\u00fckselim Dulkadiro\u011flu Pazarc\u0131k \u00c7a\u011flayancerit T\u00fcrko\u011flu Elbistan Af\u015fin And\u0131r\u0131n G\u00f6ksun Ekin\u00f6z\u00fc Nurhak Kahramanmara\u015f Kalesi Ulu Cami Kapal\u0131 \u00c7ar\u015f\u0131 S\u00fct\u00e7\u00fc \u0130mam An\u0131t\u0131 Mehmet Akif Ersoy Park\u0131 Atat\u00fcrk Park\u0131 Piazza AVM K\u0131br\u0131s Meydan\u0131 Arsan Center Kent Orman\u0131 Sarayalt\u0131 Egemenlik Bah\u00e7elievler Karamanl\u0131 Kurtulu\u015f Mara\u015f Kalesi Tekke \u00c7ar\u015f\u0131 Merkez Abd\u00fclhamit Binevler Orman Dairesi [&hellip;]<\/p>\n","protected":false},"author":1,"featured_media":0,"parent":0,"menu_order":0,"comment_status":"closed","ping_status":"closed","template":"","meta":{"footnotes":""},"class_list":["post-256","page","type-page","status-publish","hentry"],"_links":{"self":[{"href":"https:\/\/taksimaras.com.tr\/index.php?rest_route=\/wp\/v2\/pages\/256","targetHints":{"allow":["GET"]}}],"collection":[{"href":"https:\/\/taksimaras.com.tr\/index.php?rest_route=\/wp\/v2\/pages"}],"about":[{"href":"https:\/\/taksimaras.com.tr\/index.php?rest_route=\/wp\/v2\/types\/page"}],"author":[{"embeddable":true,"href":"https:\/\/taksimaras.com.tr\/index.php?rest_route=\/wp\/v2\/users\/1"}],"replies":[{"embeddable":true,"href":"https:\/\/taksimaras.com.tr\/index.php?rest_route=%2Fwp%2Fv2%2Fcomments&post=256"}],"version-history":[{"count":7,"href":"https:\/\/taksimaras.com.tr\/index.php?rest_route=\/wp\/v2\/pages\/256\/revisions"}],"predecessor-version":[{"id":288,"href":"https:\/\/taksimaras.com.tr\/index.php?rest_route=\/wp\/v2\/pages\/256\/revisions\/288"}],"wp:attachment":[{"href":"https:\/\/taksimaras.com.tr\/index.php?rest_route=%2Fwp%2Fv2%2Fmedia&parent=256"}],"curies":[{"name":"wp","href":"https:\/\/api.w.org\/{rel}","templated":true}]}}